{"id":146,"date":"2016-07-08T08:23:12","date_gmt":"2016-07-08T06:23:12","guid":{"rendered":"http:\/\/cyklotrial.sk\/?page_id=146"},"modified":"2019-09-10T10:22:26","modified_gmt":"2019-09-10T08:22:26","slug":"vysledky","status":"publish","type":"page","link":"https:\/\/cyklotrial.sk\/?page_id=146","title":{"rendered":"V\u00fdsledky"},"content":{"rendered":"<p><span style=\"color: #ff0000;\">V\u00fdsledky 2019<\/span><\/p>\n<p><a href=\"https:\/\/cyklotrial.sk\/wp-content\/uploads\/2019\/09\/celkov\u00e9-v\u00fdsledky-hry-ml\u00e1de\u017ee-2019.pdf\" target=\"_blank\" rel=\"noopener noreferrer\">Celkov\u00e9 v\u00fdsledky hry ml\u00e1de\u017ee 2019<\/a><\/p>\n<p><a href=\"https:\/\/cyklotrial.sk\/wp-content\/uploads\/2019\/09\/celkov\u00e9-v\u00fdsledky-slovensk\u00fd-poh\u00e1r-2019-1.pdf\" target=\"_blank\" rel=\"noopener noreferrer\">Celkov\u00e9 v\u00fdsledky slovensk\u00fd poh\u00e1r 2019<\/a><\/p>\n<p>V\u00fdsledky jednotliv\u00fdch s\u00fa\u0165a\u017e\u00ed na: <a href=\"http:\/\/sutazecyklosport.sk\" target=\"_blank\" rel=\"noopener noreferrer\">http:\/\/sutazecyklosport.sk<\/a><\/p>\n<p><span style=\"color: #ff0000;\">V\u00fdsledky 2018<\/span><\/p>\n<p><a href=\"https:\/\/cyklotrial.sk\/wp-content\/uploads\/2018\/05\/VYSLEDOVKA_YOUTH_GAMES-SVK-2018-Lu\u010denec.pdf\" target=\"_blank\" rel=\"noopener noreferrer\">12.5.2018 Lu\u010denec, youth games + slovensk\u00fd poh\u00e1r<\/a><\/p>\n<p><a href=\"https:\/\/cyklotrial.sk\/wp-content\/uploads\/2018\/05\/K\u00f3pia-VYSLEDOVKA_YOUTH_GAMES-SVK-2018.pdf\" target=\"_blank\" rel=\"noopener noreferrer\">26.5.2018 Z\u00e1rie\u010die, youth games + slovensk\u00fd poh\u00e1r<\/a><\/p>\n<p><a href=\"https:\/\/cyklotrial.sk\/wp-content\/uploads\/2018\/06\/vysledky-rudina.pdf\" target=\"_blank\" rel=\"noopener noreferrer\">9.6.2018 Rudina, youth games + slovensk\u00fd poh\u00e1r<\/a><\/p>\n<p><a href=\"https:\/\/cyklotrial.sk\/wp-content\/uploads\/2018\/09\/vysledky-cyklotrial-1.pdf\" target=\"_blank\" rel=\"noopener noreferrer\">8.9.2018 Poprad, M-SR + youth games<\/a><\/p>\n<p><a href=\"https:\/\/cyklotrial.sk\/wp-content\/uploads\/2018\/09\/celkov\u00e9-v\u00fdsledky-hry-ml\u00e1de\u017ee-2018.pdf\" target=\"_blank\" rel=\"noopener noreferrer\">Celkov\u00e9 v\u00fdsledky hier ml\u00e1de\u017ee 2018<\/a><\/p>\n<p><a href=\"https:\/\/cyklotrial.sk\/wp-content\/uploads\/2018\/09\/celkov\u00e9-v\u00fdsledky-slov.-poh\u00e1r.pdf\" target=\"_blank\" rel=\"noopener noreferrer\">Celkov\u00e9 v\u00fdsledky slovensk\u00e9ho poh\u00e1ra 2018<\/a><\/p>\n<p><span style=\"color: #ff0000;\">V\u00fdsledky 2017<\/span><\/p>\n<p><a href=\"https:\/\/cyklotrial.sk\/wp-content\/uploads\/2016\/07\/vysledky-rudina-2017.pdf\" target=\"_blank\" rel=\"noopener noreferrer\">13.5.2017 M-SR, youth games, Rudina<\/a><\/p>\n<p><a href=\"https:\/\/cyklotrial.sk\/wp-content\/uploads\/2016\/07\/Slovensk\u00fd-poh\u00e1r-ml\u00e1de\u017ee-Z\u00e1rie\u010die-28.5.2017-1.xlsx\" target=\"_blank\" rel=\"noopener noreferrer\">28.5.2017 Slovensk\u00fd poh\u00e1r ml\u00e1de\u017ee Z\u00e1rie\u010die <\/a><\/p>\n<p><a href=\"https:\/\/cyklotrial.sk\/wp-content\/uploads\/2016\/07\/Speedtrial-Horal-Cup-vysledky.docx\" target=\"_blank\" rel=\"noopener noreferrer\">12.8.2017 Speedtrial Horal Cup<\/a><\/p>\n<p><a href=\"https:\/\/cyklotrial.sk\/wp-content\/uploads\/2016\/07\/vysledky-lucenec-2017.pdf\" target=\"_blank\" rel=\"noopener noreferrer\">19.8.2017 youth games Lu\u010denec<\/a><\/p>\n<p><a href=\"https:\/\/cyklotrial.sk\/wp-content\/uploads\/2016\/07\/Slovensk\u00fd-poh\u00e1r-v-cyklotriale-2017-vysledky.pdf\" target=\"_blank\" rel=\"noopener noreferrer\">10.9.2017 Slovensk\u00fd poh\u00e1r Poprad<\/a><\/p>\n<p><span style=\"color: #ff0000;\">V\u00fdsledky 2016<\/span><\/p>\n<p><a href=\"https:\/\/cyklotrial.sk\/wp-content\/uploads\/2016\/07\/12.3.2016-Zariecie-v%C3%BDsledky.pdf\" target=\"_blank\" rel=\"noopener noreferrer\">12.3.2016 Z\u00e1rie\u010die: slovensk\u00fd poh\u00e1r, nomin\u00e1cia na MS, ME<\/a><\/p>\n<p><a href=\"https:\/\/cyklotrial.sk\/wp-content\/uploads\/2016\/07\/SpeedTrial-Optima-Cup-Ko%C5%A1ice-11.6.2016_V%C3%BDsledky.pdf\" target=\"_blank\" rel=\"noopener noreferrer\">11.6. 2016 Ko\u0161ice: Speedtrial Optima Cup<\/a><\/p>\n<p><a href=\"https:\/\/cyklotrial.sk\/wp-content\/uploads\/2016\/07\/Vy%CC%81sledky-MSR-Rudina-03.-07.-2016.pdf\" target=\"_blank\" rel=\"noopener noreferrer\">3.7. 2016 Rudina: M-SR UCI<\/a><\/p>\n<p><a href=\"https:\/\/cyklotrial.sk\/wp-content\/uploads\/2016\/09\/medzin\u00e1rodn\u00e9-MSR.pdf\" target=\"_blank\" rel=\"noopener noreferrer\">10.09.2016 Poprad: M-SR BIU<\/a><\/p>\n","protected":false},"excerpt":{"rendered":"<p>V\u00fdsledky 2019 Celkov\u00e9 v\u00fdsledky hry ml\u00e1de\u017ee 2019 Celkov\u00e9 v\u00fdsledky slovensk\u00fd poh\u00e1r 2019 V\u00fdsledky jednotliv\u00fdch s\u00fa\u0165a\u017e\u00ed na: http:\/\/sutazecyklosport.sk V\u00fdsledky 2018 12.5.2018 Lu\u010denec, youth games + slovensk\u00fd poh\u00e1r 26.5.2018 Z\u00e1rie\u010die, youth games + slovensk\u00fd poh\u00e1r 9.6.2018 Rudina, youth games + slovensk\u00fd poh\u00e1r &hellip; <a href=\"https:\/\/cyklotrial.sk\/?page_id=146\">Pokra\u010dova\u0165 v \u010d\u00edtan\u00ed <span class=\"meta-nav\">&rarr;<\/span><\/a><\/p>\n","protected":false},"author":1,"featured_media":0,"parent":0,"menu_order":0,"comment_status":"closed","ping_status":"closed","template":"","meta":{"footnotes":""},"class_list":["post-146","page","type-page","status-publish","hentry"],"jetpack_sharing_enabled":true,"_links":{"self":[{"href":"https:\/\/cyklotrial.sk\/index.php?rest_route=\/wp\/v2\/pages\/146","targetHints":{"allow":["GET"]}}],"collection":[{"href":"https:\/\/cyklotrial.sk\/index.php?rest_route=\/wp\/v2\/pages"}],"about":[{"href":"https:\/\/cyklotrial.sk\/index.php?rest_route=\/wp\/v2\/types\/page"}],"author":[{"embeddable":true,"href":"https:\/\/cyklotrial.sk\/index.php?rest_route=\/wp\/v2\/users\/1"}],"replies":[{"embeddable":true,"href":"https:\/\/cyklotrial.sk\/index.php?rest_route=%2Fwp%2Fv2%2Fcomments&post=146"}],"version-history":[{"count":0,"href":"https:\/\/cyklotrial.sk\/index.php?rest_route=\/wp\/v2\/pages\/146\/revisions"}],"wp:attachment":[{"href":"https:\/\/cyklotrial.sk\/index.php?rest_route=%2Fwp%2Fv2%2Fmedia&parent=146"}],"curies":[{"name":"wp","href":"https:\/\/api.w.org\/{rel}","templated":true}]}}