{"id":28,"date":"2016-05-10T12:19:40","date_gmt":"2016-05-10T10:19:40","guid":{"rendered":"http:\/\/cyklotrial.sk\/?page_id=28"},"modified":"2021-05-18T07:42:40","modified_gmt":"2021-05-18T05:42:40","slug":"kalendar-pretekov","status":"publish","type":"page","link":"https:\/\/cyklotrial.sk\/?page_id=28","title":{"rendered":"Kalend\u00e1r pretekov 2021"},"content":{"rendered":"<p><span style=\"color: #003366;\"><strong>Kalend\u00e1r Slovensk\u00fdch pretekov<br \/>\n<span style=\"color: #ff0000;\">!!! POZOR!!!\u00a0 Prihlasovanie na v\u0161etky slovensk\u00e9 s\u00fa\u0165a\u017ee len cez port\u00e1l <a style=\"color: #ff0000;\" href=\"https:\/\/sutazecyklosport.sk\" target=\"_blank\" rel=\"noopener noreferrer\">sutazecyklosport.sk<\/a><\/span><\/strong><\/span><\/p>\n<ul>\n<li><span style=\"color: #ff9900;\">12.06.2021, Poprad, MSR BIU<\/span><\/li>\n<li>17.07.2021, HC GRAND PRIX TRIAL POPRAD<\/li>\n<li>18.07.2021, Poprad, Slovensk\u00fd poh\u00e1r, Slovensk\u00e9 hry ml\u00e1de\u017ee<\/li>\n<li>07.08.2021, Rudina, Slovensk\u00fd poh\u00e1r, Slovensk\u00e9 hry ml\u00e1de\u017ee<\/li>\n<li>21.08.2021, Lu\u010denec, Slovensk\u00fd poh\u00e1r, Slovensk\u00e9 hry ml\u00e1de\u017ee<\/li>\n<li>28.08.2021, Ve\u013ek\u00e9 Z\u00e1lu\u017eie, M-SR<\/li>\n<li>29.08.2021, Ve\u013ek\u00e9 Z\u00e1lu\u017eie, Slovensk\u00e9 hry ml\u00e1de\u017ee<\/li>\n<li>04.09.2021, Ru\u017eomberok, Ru\u017eomberok open<\/li>\n<li>11.09.2021, Z\u00e1rie\u010die, Slovensk\u00fd poh\u00e1r, Slovensk\u00e9 hry ml\u00e1de\u017ee<\/li>\n<\/ul>\n","protected":false},"excerpt":{"rendered":"<p>Kalend\u00e1r Slovensk\u00fdch pretekov !!! POZOR!!!\u00a0 Prihlasovanie na v\u0161etky slovensk\u00e9 s\u00fa\u0165a\u017ee len cez port\u00e1l sutazecyklosport.sk 12.06.2021, Poprad, MSR BIU 17.07.2021, HC GRAND PRIX TRIAL POPRAD 18.07.2021, Poprad, Slovensk\u00fd poh\u00e1r, Slovensk\u00e9 hry ml\u00e1de\u017ee 07.08.2021, Rudina, Slovensk\u00fd poh\u00e1r, Slovensk\u00e9 hry ml\u00e1de\u017ee 21.08.2021, Lu\u010denec, &hellip; <a href=\"https:\/\/cyklotrial.sk\/?page_id=28\">Pokra\u010dova\u0165 v \u010d\u00edtan\u00ed <span class=\"meta-nav\">&rarr;<\/span><\/a><\/p>\n","protected":false},"author":1,"featured_media":0,"parent":0,"menu_order":0,"comment_status":"closed","ping_status":"closed","template":"","meta":{"footnotes":""},"class_list":["post-28","page","type-page","status-publish","hentry"],"jetpack_sharing_enabled":true,"_links":{"self":[{"href":"https:\/\/cyklotrial.sk\/index.php?rest_route=\/wp\/v2\/pages\/28","targetHints":{"allow":["GET"]}}],"collection":[{"href":"https:\/\/cyklotrial.sk\/index.php?rest_route=\/wp\/v2\/pages"}],"about":[{"href":"https:\/\/cyklotrial.sk\/index.php?rest_route=\/wp\/v2\/types\/page"}],"author":[{"embeddable":true,"href":"https:\/\/cyklotrial.sk\/index.php?rest_route=\/wp\/v2\/users\/1"}],"replies":[{"embeddable":true,"href":"https:\/\/cyklotrial.sk\/index.php?rest_route=%2Fwp%2Fv2%2Fcomments&post=28"}],"version-history":[{"count":3,"href":"https:\/\/cyklotrial.sk\/index.php?rest_route=\/wp\/v2\/pages\/28\/revisions"}],"predecessor-version":[{"id":710,"href":"https:\/\/cyklotrial.sk\/index.php?rest_route=\/wp\/v2\/pages\/28\/revisions\/710"}],"wp:attachment":[{"href":"https:\/\/cyklotrial.sk\/index.php?rest_route=%2Fwp%2Fv2%2Fmedia&parent=28"}],"curies":[{"name":"wp","href":"https:\/\/api.w.org\/{rel}","templated":true}]}}