{"id":673,"date":"2020-11-09T10:48:18","date_gmt":"2020-11-09T09:48:18","guid":{"rendered":"http:\/\/cyklotrial.sk\/?page_id=673"},"modified":"2021-05-18T07:46:23","modified_gmt":"2021-05-18T05:46:23","slug":"scu","status":"publish","type":"page","link":"https:\/\/cyklotrial.sk\/?page_id=673","title":{"rendered":"SLOVENSK\u00c1 CYKLOTRIALOV\u00c1 \u00daNIA"},"content":{"rendered":"\n<div class=\"wp-block-image\"><figure class=\"alignright size-large is-resized\"><img data-recalc-dims=\"1\" loading=\"lazy\" decoding=\"async\" src=\"https:\/\/i0.wp.com\/cyklotrial.sk\/wp-content\/uploads\/2020\/11\/Logo_SCU_SK.jpg?resize=157%2C191&#038;ssl=1\" alt=\"\" class=\"wp-image-692\" width=\"157\" height=\"191\"\/><\/figure><\/div>\n\n\n\n<figure class=\"wp-block-image size-large is-resized\"><a href=\"https:\/\/www.minedu.sk\/financovanie-sportu-v-roku-2020\/\" target=\"_blank\" rel=\"noopener noreferrer\"><img data-recalc-dims=\"1\" loading=\"lazy\" decoding=\"async\" src=\"https:\/\/i0.wp.com\/cyklotrial.sk\/wp-content\/uploads\/2020\/11\/dotacia-2020.jpg?resize=356%2C189&#038;ssl=1\" alt=\"\" class=\"wp-image-696\" width=\"356\" height=\"189\" srcset=\"https:\/\/i0.wp.com\/cyklotrial.sk\/wp-content\/uploads\/2020\/11\/dotacia-2020.jpg?w=399&amp;ssl=1 399w, https:\/\/i0.wp.com\/cyklotrial.sk\/wp-content\/uploads\/2020\/11\/dotacia-2020.jpg?resize=300%2C159&amp;ssl=1 300w\" sizes=\"auto, (max-width: 356px) 100vw, 356px\" \/><\/a><\/figure>\n\n\n\n<div class=\"wp-block-file\"><a href=\"https:\/\/cyklotrial.sk\/wp-content\/uploads\/2020\/11\/Stanovy-SCU.pdf\" target=\"_blank\" rel=\"noreferrer noopener\">Stanovy SC\u00da<\/a><a href=\"https:\/\/cyklotrial.sk\/wp-content\/uploads\/2020\/11\/Stanovy-SCU.pdf\" class=\"wp-block-file__button\" download>Stiahnu\u0165<\/a><\/div>\n\n\n\n<div class=\"wp-block-file\"><a href=\"https:\/\/cyklotrial.sk\/wp-content\/uploads\/2021\/05\/Ziadost-o-licenciu-SCU-2021.pdf\">\u017diados\u0165 o celoro\u010dn\u00fa licenciu BIU 2021<\/a><a href=\"https:\/\/cyklotrial.sk\/wp-content\/uploads\/2021\/05\/Ziadost-o-licenciu-SCU-2021.pdf\" class=\"wp-block-file__button\" download>Stiahnu\u0165<\/a><\/div>\n\n\n\n<div class=\"wp-block-file\"><a href=\"https:\/\/cyklotrial.sk\/wp-content\/uploads\/2020\/11\/SCU-Vyuctovanie-dotacie-z-MSVVaS-SR-2020.pdf\" target=\"_blank\" rel=\"noreferrer noopener\">SCU Vy\u00fa\u010dtovanie dot\u00e1cie z M\u0160VV a \u0160 SR 2020<\/a><a href=\"https:\/\/cyklotrial.sk\/wp-content\/uploads\/2020\/11\/SCU-Vyuctovanie-dotacie-z-MSVVaS-SR-2020.pdf\" class=\"wp-block-file__button\" download>Stiahnu\u0165<\/a><\/div>\n","protected":false},"excerpt":{"rendered":"","protected":false},"author":1,"featured_media":0,"parent":0,"menu_order":0,"comment_status":"closed","ping_status":"closed","template":"","meta":{"footnotes":""},"class_list":["post-673","page","type-page","status-publish","hentry"],"jetpack_sharing_enabled":true,"_links":{"self":[{"href":"https:\/\/cyklotrial.sk\/index.php?rest_route=\/wp\/v2\/pages\/673","targetHints":{"allow":["GET"]}}],"collection":[{"href":"https:\/\/cyklotrial.sk\/index.php?rest_route=\/wp\/v2\/pages"}],"about":[{"href":"https:\/\/cyklotrial.sk\/index.php?rest_route=\/wp\/v2\/types\/page"}],"author":[{"embeddable":true,"href":"https:\/\/cyklotrial.sk\/index.php?rest_route=\/wp\/v2\/users\/1"}],"replies":[{"embeddable":true,"href":"https:\/\/cyklotrial.sk\/index.php?rest_route=%2Fwp%2Fv2%2Fcomments&post=673"}],"version-history":[{"count":1,"href":"https:\/\/cyklotrial.sk\/index.php?rest_route=\/wp\/v2\/pages\/673\/revisions"}],"predecessor-version":[{"id":713,"href":"https:\/\/cyklotrial.sk\/index.php?rest_route=\/wp\/v2\/pages\/673\/revisions\/713"}],"wp:attachment":[{"href":"https:\/\/cyklotrial.sk\/index.php?rest_route=%2Fwp%2Fv2%2Fmedia&parent=673"}],"curies":[{"name":"wp","href":"https:\/\/api.w.org\/{rel}","templated":true}]}}